{"id":6100,"date":"2021-02-13T16:22:44","date_gmt":"2021-02-13T14:22:44","guid":{"rendered":"https:\/\/www.leprovidence.fr\/wp\/?page_id=6100"},"modified":"2022-04-26T11:40:33","modified_gmt":"2022-04-26T09:40:33","slug":"scolaire-3","status":"publish","type":"page","link":"https:\/\/www.leprovidence.fr\/wp\/scolaire-3\/","title":{"rendered":"Scolaire"},"content":{"rendered":"\n[et_pb_section fb_built=\u00a0\u00bb1&Prime; _builder_version=\u00a0\u00bb4.4.3&Prime;][et_pb_row _builder_version=\u00a0\u00bb4.4.3&Prime;][et_pb_column type=\u00a0\u00bb4_4&Prime; _builder_version=\u00a0\u00bb4.4.3&Prime;][et_pb_text _builder_version=\u00a0\u00bb4.4.3&Prime;]<h1 style=\"text-align: center;\">SORTIE SCOLAIRE<\/h1>[\/et_pb_text][et_pb_image src=\u00a0\u00bbhttps:\/\/www.leprovidence.fr\/wp\/wp-content\/uploads\/2021\/02\/Cordage-ordinateur-1.png\u00a0\u00bb align=\u00a0\u00bbcenter\u00a0\u00bb src_phone=\u00a0\u00bbhttps:\/\/www.leprovidence.fr\/wp\/wp-content\/uploads\/2021\/02\/Cordage-mobile-e1612968128604.png\u00a0\u00bb src_last_edited=\u00a0\u00bboff|desktop\u00a0\u00bb _builder_version=\u00a0\u00bb4.4.3&Prime; module_alignment=\u00a0\u00bbcenter\u00a0\u00bb][\/et_pb_image][et_pb_text _builder_version=\u00a0\u00bb4.4.3&Prime; text_font=\u00a0\u00bb|700|||||||\u00a0\u00bb text_text_color=\u00a0\u00bb#c1a272&Prime; text_font_size=\u00a0\u00bb22px\u00a0\u00bb text_letter_spacing=\u00a0\u00bb4px\u00a0\u00bb]<p style=\"text-align: center;\">DEMANDE DE DEVIS<\/p>[\/et_pb_text][et_pb_text _builder_version=\u00a0\u00bb4.4.3&Prime;]<p style=\"text-align: center;\"><div id=\"quform-c25fc1\" class=\"quform quform-3 quform-theme-light quform-support-page-caching\"><form id=\"quform-form-c25fc1\" class=\"quform-form quform-form-3\" action=\"\/wp\/wp-json\/wp\/v2\/pages\/6100#quform-c25fc1\" method=\"post\" enctype=\"multipart\/form-data\" novalidate=\"novalidate\" data-options=\"{&quot;id&quot;:3,&quot;uniqueId&quot;:&quot;c25fc1&quot;,&quot;theme&quot;:&quot;light&quot;,&quot;ajax&quot;:true,&quot;logic&quot;:{&quot;logic&quot;:{&quot;6&quot;:{&quot;action&quot;:true,&quot;match&quot;:&quot;all&quot;,&quot;rules&quot;:[{&quot;elementId&quot;:&quot;5&quot;,&quot;operator&quot;:&quot;not_empty&quot;,&quot;optionId&quot;:null,&quot;value&quot;:&quot;&quot;}]},&quot;12&quot;:{&quot;action&quot;:true,&quot;match&quot;:&quot;all&quot;,&quot;rules&quot;:[{&quot;elementId&quot;:&quot;6&quot;,&quot;operator&quot;:&quot;not_empty&quot;,&quot;optionId&quot;:null,&quot;value&quot;:&quot;&quot;}]},&quot;8&quot;:{&quot;action&quot;:true,&quot;match&quot;:&quot;all&quot;,&quot;rules&quot;:[{&quot;elementId&quot;:&quot;6&quot;,&quot;operator&quot;:&quot;not_empty&quot;,&quot;optionId&quot;:null,&quot;value&quot;:&quot;&quot;}]}},&quot;dependents&quot;:{&quot;5&quot;:[6],&quot;6&quot;:[12,8]},&quot;elementIds&quot;:[6,12,8],&quot;dependentElementIds&quot;:[&quot;5&quot;,&quot;6&quot;],&quot;animate&quot;:true},&quot;currentPageId&quot;:1,&quot;errorsIcon&quot;:&quot;&quot;,&quot;updateFancybox&quot;:true,&quot;hasPages&quot;:false,&quot;pages&quot;:[1],&quot;pageProgressType&quot;:&quot;&quot;,&quot;tooltipsEnabled&quot;:false,&quot;tooltipClasses&quot;:&quot;qtip-quform-dark qtip-shadow&quot;,&quot;tooltipMy&quot;:&quot;left center&quot;,&quot;tooltipAt&quot;:&quot;right center&quot;,&quot;isRtl&quot;:false,&quot;scrollOffset&quot;:-50,&quot;scrollSpeed&quot;:800}\"><button class=\"quform-default-submit\" name=\"quform_submit\" type=\"submit\" value=\"submit\" aria-hidden=\"true\"><\/button><div class=\"quform-form-inner quform-form-inner-3\"><input type=\"hidden\" name=\"quform_form_id\" value=\"3\" \/><input type=\"hidden\" name=\"quform_form_uid\" value=\"c25fc1\" \/><input type=\"hidden\" name=\"quform_count\" value=\"1\" \/><input type=\"hidden\" name=\"form_url\" value=\"https:\/\/www.leprovidence.fr\/wp\/wp-json\/wp\/v2\/pages\/6100\" \/><input type=\"hidden\" name=\"referring_url\" value=\"\" \/><input type=\"hidden\" name=\"post_id\" value=\"\" \/><input type=\"hidden\" name=\"post_title\" value=\"\" \/><input type=\"hidden\" name=\"quform_current_page_id\" value=\"1\" \/><div class=\"quform-elements quform-elements-3 quform-cf quform-responsive-elements-phone-landscape\"><div class=\"quform-element quform-element-page quform-page-1 quform-page-3_1 quform-cf quform-group-style-plain quform-first-page quform-last-page quform-current-page\"><div class=\"quform-child-elements\"><div class=\"quform-element quform-element-email quform-element-3_3 quform-cf quform-element-required\"><div class=\"quform-spacer\"><div class=\"quform-label quform-label-3_3\"><label class=\"quform-label-text\" for=\"quform_3_3_c25fc1\">Renseignez votre e-mail<span class=\"quform-required\">*<\/span><\/label><\/div><div class=\"quform-inner quform-inner-email quform-inner-3_3\"><div class=\"quform-input quform-input-email quform-input-3_3 quform-cf\"><input type=\"email\" id=\"quform_3_3_c25fc1\" name=\"quform_3_3\" class=\"quform-field quform-field-email quform-field-3_3\" \/><\/div><\/div><\/div><\/div><div class=\"quform-element quform-element-text quform-element-3_10 quform-cf quform-element-required\"><div class=\"quform-spacer\"><div class=\"quform-label quform-label-3_10\"><label class=\"quform-label-text\" for=\"quform_3_10_c25fc1\">Renseignez votre num\u00e9ro de t\u00e9l\u00e9phone<span class=\"quform-required\">*<\/span><\/label><\/div><div class=\"quform-inner quform-inner-text quform-inner-3_10\"><div class=\"quform-input quform-input-text quform-input-3_10 quform-cf\"><input type=\"text\" id=\"quform_3_10_c25fc1\" name=\"quform_3_10\" class=\"quform-field quform-field-text quform-field-3_10\" \/><\/div><\/div><\/div><\/div><div class=\"quform-element quform-element-select quform-element-3_5 quform-cf quform-element-optional\"><div class=\"quform-spacer\"><div class=\"quform-label quform-label-3_5\"><span class=\"quform-label-icon\"><i class=\"qicon-calendar\"><\/i><\/span><label class=\"quform-label-text\" for=\"quform_3_5_c25fc1\">Choisir la p\u00e9riode de votre sortie<\/label><\/div><div class=\"quform-inner quform-inner-select quform-inner-3_5\"><div class=\"quform-input quform-input-select quform-input-3_5 quform-cf\"><select id=\"quform_3_5_c25fc1\" name=\"quform_3_5\" class=\"quform-field quform-field-select quform-field-3_5\"><option value=\"\" selected=\"selected\">Please select<\/option><option value=\"Avril \/ Mai \/ Juin\">Avril \/ Mai \/ Juin<\/option><option value=\"Juillet \/ Ao\u00fbt\">Juillet \/ Ao\u00fbt<\/option><option value=\"Septembre \/ Octobre \/ Novembre\">Septembre \/ Octobre \/ Novembre<\/option><\/select><\/div><\/div><\/div><\/div><div class=\"quform-element quform-element-select quform-element-3_6 quform-cf quform-element-optional\"><div class=\"quform-spacer\"><div class=\"quform-label quform-label-3_6\"><span class=\"quform-label-icon\"><i class=\"fa fa-users\"><\/i><\/span><label class=\"quform-label-text\" for=\"quform_3_6_c25fc1\">Choisir le nombre de personne<\/label><\/div><div class=\"quform-inner quform-inner-select quform-inner-3_6\"><div class=\"quform-input quform-input-select quform-input-3_6 quform-cf\"><select id=\"quform_3_6_c25fc1\" name=\"quform_3_6\" class=\"quform-field quform-field-select quform-field-3_6\"><option value=\"\" selected=\"selected\">Please select<\/option><option value=\"de 1 \u00e0 30 personnes\">de 1 \u00e0 30 personnes<\/option><option value=\"+ de 30 personnes\">+ de 30 personnes<\/option><option value=\"+ de 50 personnes\">+ de 50 personnes<\/option><option value=\"+ de 70 personnes (80passag\u00e9s max.)\">+ de 70 personnes (80passag\u00e9s max.)<\/option><\/select><\/div><\/div><\/div><\/div><div class=\"quform-element quform-element-multiselect quform-element-3_12 quform-cf quform-element-optional\"><div class=\"quform-spacer\"><div class=\"quform-label quform-label-3_12\"><span class=\"quform-label-icon\"><i class=\"fa fa-anchor\"><\/i><\/span><label class=\"quform-label-text\" for=\"quform_3_12_c25fc1\">Visite<\/label><\/div><div class=\"quform-inner quform-inner-multiselect quform-inner-3_12\"><p class=\"quform-description quform-description-above\">Pour s\u00e9lectionner plusieurs valeurs, maintenez la touche contr\u00f4le (CTRL) enfonc\u00e9e et cliquez sur vos choix.<\/p><div class=\"quform-input quform-input-multiselect quform-input-3_12 quform-cf\"><select id=\"quform_3_12_c25fc1\" name=\"quform_3_12[]\" class=\"quform-field quform-field-multiselect quform-field-3_12\" multiple size=\"7\"><option value=\"Visite du port de la Grande-motte et Port-camargue ( dur\u00e9e 1H)\u00a0\">Visite du port de la Grande-motte et Port-camargue ( dur\u00e9e 1H)\u00a0<\/option><option value=\"Sortie navigation \u00e0 la voile (dur\u00e9e 1H)\">Sortie navigation \u00e0 la voile (dur\u00e9e 1H)<\/option><option value=\"Combin\u00e9 Catamaran + Visite guid\u00e9e du Seaquarium\u00a0\">Combin\u00e9 Catamaran + Visite guid\u00e9e du Seaquarium\u00a0<\/option><option value=\"Combin\u00e9 Catamaran + D\u00e9jeuner en mer \u00a0(dur\u00e9e env 2H)\">Combin\u00e9 Catamaran + D\u00e9jeuner en mer \u00a0(dur\u00e9e env 2H)<\/option><option value=\"Combin\u00e9 Catamaran + P\u00eache au bouillet sur plage\">Combin\u00e9 Catamaran + P\u00eache au bouillet sur plage<\/option><option value=\"Combin\u00e9 Catamaran + visite guid\u00e9e d\u2019un laboratoire de d\u00e9coupe de poisson de M\u00e9diterran\u00e9e\">Combin\u00e9 Catamaran + visite guid\u00e9e d\u2019un laboratoire de d\u00e9coupe de poisson de M\u00e9diterran\u00e9e<\/option><option value=\"Combin\u00e9 Catamaran + visite du vieux port et rencontre avec un p\u00eacheur, vieux phare. \">Combin\u00e9 Catamaran + visite du vieux port et rencontre avec un p\u00eacheur, vieux phare. <\/option><\/select><\/div><\/div><\/div><\/div><div class=\"quform-element quform-element-textarea quform-element-3_8 quform-cf quform-element-optional\"><div class=\"quform-spacer\"><div class=\"quform-label quform-label-3_8\"><span class=\"quform-label-icon\"><i class=\"qicon-question-circle\"><\/i><\/span><label class=\"quform-label-text\" for=\"quform_3_8_c25fc1\">Demandes particuli\u00e8res<\/label><\/div><div class=\"quform-inner quform-inner-textarea quform-inner-3_8\"><div class=\"quform-input quform-input-textarea quform-input-3_8 quform-cf\"><textarea id=\"quform_3_8_c25fc1\" name=\"quform_3_8\" class=\"quform-field quform-field-textarea quform-field-3_8\"><\/textarea><\/div><\/div><\/div><\/div><div class=\"quform-element quform-element-submit quform-element-3_9 quform-cf quform-button-style-theme quform-button-size-fat quform-button-width-full\"><div class=\"quform-button-submit quform-button-submit-default quform-button-submit-3_9\"><button name=\"quform_submit\" type=\"submit\" class=\"quform-submit\" value=\"submit\"><span class=\"quform-button-text quform-button-submit-text\">Envoyer ma demande<\/span><\/button><\/div><div class=\"quform-loading quform-loading-position-left quform-loading-type-spinner-1\"><div class=\"quform-loading-inner\"><div class=\"quform-loading-spinner\"><div class=\"quform-loading-spinner-inner\"><\/div><\/div><\/div><\/div><\/div><div class=\"quform-element-tree\"><label for=\"quform_3_0_c25fc1\">This field should be left blank<\/label><input type=\"text\" id=\"quform_3_0_c25fc1\" name=\"quform_3_0\" class=\"quform-field quform-field-tree quform-field-3_0\" tabindex=\"-1\" autocomplete=\"off\" \/><\/div><\/div><\/div><\/div><\/div><\/form><\/div><\/p>[\/et_pb_text][\/et_pb_column][\/et_pb_row][\/et_pb_section]\n","protected":false},"excerpt":{"rendered":"<p>SORTIE SCOLAIREDEMANDE DE DEVIS<div id=\"quform-de75d0\" class=\"quform quform-3 quform-theme-light quform-support-page-caching\"><form id=\"quform-form-de75d0\" class=\"quform-form quform-form-3\" action=\"\/wp\/wp-json\/wp\/v2\/pages\/6100#quform-de75d0\" method=\"post\" enctype=\"multipart\/form-data\" novalidate=\"novalidate\" data-options=\"{&quot;id&quot;:3,&quot;uniqueId&quot;:&quot;de75d0&quot;,&quot;theme&quot;:&quot;light&quot;,&quot;ajax&quot;:true,&quot;logic&quot;:{&quot;logic&quot;:{&quot;6&quot;:{&quot;action&quot;:true,&quot;match&quot;:&quot;all&quot;,&quot;rules&quot;:[{&quot;elementId&quot;:&quot;5&quot;,&quot;operator&quot;:&quot;not_empty&quot;,&quot;optionId&quot;:null,&quot;value&quot;:&quot;&quot;}]},&quot;12&quot;:{&quot;action&quot;:true,&quot;match&quot;:&quot;all&quot;,&quot;rules&quot;:[{&quot;elementId&quot;:&quot;6&quot;,&quot;operator&quot;:&quot;not_empty&quot;,&quot;optionId&quot;:null,&quot;value&quot;:&quot;&quot;}]},&quot;8&quot;:{&quot;action&quot;:true,&quot;match&quot;:&quot;all&quot;,&quot;rules&quot;:[{&quot;elementId&quot;:&quot;6&quot;,&quot;operator&quot;:&quot;not_empty&quot;,&quot;optionId&quot;:null,&quot;value&quot;:&quot;&quot;}]}},&quot;dependents&quot;:{&quot;5&quot;:[6],&quot;6&quot;:[12,8]},&quot;elementIds&quot;:[6,12,8],&quot;dependentElementIds&quot;:[&quot;5&quot;,&quot;6&quot;],&quot;animate&quot;:true},&quot;currentPageId&quot;:1,&quot;errorsIcon&quot;:&quot;&quot;,&quot;updateFancybox&quot;:true,&quot;hasPages&quot;:false,&quot;pages&quot;:[1],&quot;pageProgressType&quot;:&quot;&quot;,&quot;tooltipsEnabled&quot;:false,&quot;tooltipClasses&quot;:&quot;qtip-quform-dark qtip-shadow&quot;,&quot;tooltipMy&quot;:&quot;left center&quot;,&quot;tooltipAt&quot;:&quot;right center&quot;,&quot;isRtl&quot;:false,&quot;scrollOffset&quot;:-50,&quot;scrollSpeed&quot;:800}\"><button class=\"quform-default-submit\" name=\"quform_submit\" type=\"submit\" value=\"submit\" aria-hidden=\"true\"><\/button><div class=\"quform-form-inner quform-form-inner-3\"><input type=\"hidden\" name=\"quform_form_id\" value=\"3\" \/><input type=\"hidden\" name=\"quform_form_uid\" value=\"de75d0\" \/><input type=\"hidden\" name=\"quform_count\" value=\"2\" \/><input type=\"hidden\" name=\"form_url\" value=\"https:\/\/www.leprovidence.fr\/wp\/wp-json\/wp\/v2\/pages\/6100\" \/><input type=\"hidden\" name=\"referring_url\" value=\"\" \/><input type=\"hidden\" name=\"post_id\" value=\"\" \/><input type=\"hidden\" name=\"post_title\" value=\"\" \/><input type=\"hidden\" name=\"quform_current_page_id\" value=\"1\" \/><div class=\"quform-elements quform-elements-3 quform-cf quform-responsive-elements-phone-landscape\"><div class=\"quform-element quform-element-page quform-page-1 quform-page-3_1 quform-cf quform-group-style-plain quform-first-page quform-last-page quform-current-page\"><div class=\"quform-child-elements\"><div class=\"quform-element quform-element-email quform-element-3_3 quform-cf quform-element-required\"><div class=\"quform-spacer\"><div class=\"quform-label quform-label-3_3\"><label class=\"quform-label-text\" for=\"quform_3_3_de75d0\">Renseignez votre e-mail<span class=\"quform-required\">*<\/span><\/label><\/div><div class=\"quform-inner quform-inner-email quform-inner-3_3\"><div class=\"quform-input quform-input-email quform-input-3_3 quform-cf\"><input type=\"email\" id=\"quform_3_3_de75d0\" name=\"quform_3_3\" class=\"quform-field quform-field-email quform-field-3_3\" \/><\/div><\/div><\/div><\/div><div class=\"quform-element quform-element-text quform-element-3_10 quform-cf quform-element-required\"><div class=\"quform-spacer\"><div class=\"quform-label quform-label-3_10\"><label class=\"quform-label-text\" for=\"quform_3_10_de75d0\">Renseignez votre num\u00e9ro de t\u00e9l\u00e9phone<span class=\"quform-required\">*<\/span><\/label><\/div><div class=\"quform-inner quform-inner-text quform-inner-3_10\"><div class=\"quform-input quform-input-text quform-input-3_10 quform-cf\"><input type=\"text\" id=\"quform_3_10_de75d0\" name=\"quform_3_10\" class=\"quform-field quform-field-text quform-field-3_10\" \/><\/div><\/div><\/div><\/div><div class=\"quform-element quform-element-select quform-element-3_5 quform-cf quform-element-optional\"><div class=\"quform-spacer\"><div class=\"quform-label quform-label-3_5\"><span class=\"quform-label-icon\"><i class=\"qicon-calendar\"><\/i><\/span><label class=\"quform-label-text\" for=\"quform_3_5_de75d0\">Choisir la p\u00e9riode de votre sortie<\/label><\/div><div class=\"quform-inner quform-inner-select quform-inner-3_5\"><div class=\"quform-input quform-input-select quform-input-3_5 quform-cf\"><select id=\"quform_3_5_de75d0\" name=\"quform_3_5\" class=\"quform-field quform-field-select quform-field-3_5\"><option value=\"\" selected=\"selected\">Please select<\/option><option value=\"Avril \/ Mai \/ Juin\">Avril \/ Mai \/ Juin<\/option><option value=\"Juillet \/ Ao\u00fbt\">Juillet \/ Ao\u00fbt<\/option><option value=\"Septembre \/ Octobre \/ Novembre\">Septembre \/ Octobre \/ Novembre<\/option><\/select><\/div><\/div><\/div><\/div><div class=\"quform-element quform-element-select quform-element-3_6 quform-cf quform-element-optional\"><div class=\"quform-spacer\"><div class=\"quform-label quform-label-3_6\"><span class=\"quform-label-icon\"><i class=\"fa fa-users\"><\/i><\/span><label class=\"quform-label-text\" for=\"quform_3_6_de75d0\">Choisir le nombre de personne<\/label><\/div><div class=\"quform-inner quform-inner-select quform-inner-3_6\"><div class=\"quform-input quform-input-select quform-input-3_6 quform-cf\"><select id=\"quform_3_6_de75d0\" name=\"quform_3_6\" class=\"quform-field quform-field-select quform-field-3_6\"><option value=\"\" selected=\"selected\">Please select<\/option><option value=\"de 1 \u00e0 30 personnes\">de 1 \u00e0 30 personnes<\/option><option value=\"+ de 30 personnes\">+ de 30 personnes<\/option><option value=\"+ de 50 personnes\">+ de 50 personnes<\/option><option value=\"+ de 70 personnes (80passag\u00e9s max.)\">+ de 70 personnes (80passag\u00e9s max.)<\/option><\/select><\/div><\/div><\/div><\/div><div class=\"quform-element quform-element-multiselect quform-element-3_12 quform-cf quform-element-optional\"><div class=\"quform-spacer\"><div class=\"quform-label quform-label-3_12\"><span class=\"quform-label-icon\"><i class=\"fa fa-anchor\"><\/i><\/span><label class=\"quform-label-text\" for=\"quform_3_12_de75d0\">Visite<\/label><\/div><div class=\"quform-inner quform-inner-multiselect quform-inner-3_12\"><p class=\"quform-description quform-description-above\">Pour s\u00e9lectionner plusieurs valeurs, maintenez la touche contr\u00f4le (CTRL) enfonc\u00e9e et cliquez sur vos choix.<\/p><div class=\"quform-input quform-input-multiselect quform-input-3_12 quform-cf\"><select id=\"quform_3_12_de75d0\" name=\"quform_3_12[]\" class=\"quform-field quform-field-multiselect quform-field-3_12\" multiple size=\"7\"><option value=\"Visite du port de la Grande-motte et Port-camargue ( dur\u00e9e 1H)\u00a0\">Visite du port de la Grande-motte et Port-camargue ( dur\u00e9e 1H)\u00a0<\/option><option value=\"Sortie navigation \u00e0 la voile (dur\u00e9e 1H)\">Sortie navigation \u00e0 la voile (dur\u00e9e 1H)<\/option><option value=\"Combin\u00e9 Catamaran + Visite guid\u00e9e du Seaquarium\u00a0\">Combin\u00e9 Catamaran + Visite guid\u00e9e du Seaquarium\u00a0<\/option><option value=\"Combin\u00e9 Catamaran + D\u00e9jeuner en mer \u00a0(dur\u00e9e env 2H)\">Combin\u00e9 Catamaran + D\u00e9jeuner en mer \u00a0(dur\u00e9e env 2H)<\/option><option value=\"Combin\u00e9 Catamaran + P\u00eache au bouillet sur plage\">Combin\u00e9 Catamaran + P\u00eache au bouillet sur plage<\/option><option value=\"Combin\u00e9 Catamaran + visite guid\u00e9e d\u2019un laboratoire de d\u00e9coupe de poisson de M\u00e9diterran\u00e9e\">Combin\u00e9 Catamaran + visite guid\u00e9e d\u2019un laboratoire de d\u00e9coupe de poisson de M\u00e9diterran\u00e9e<\/option><option value=\"Combin\u00e9 Catamaran + visite du vieux port et rencontre avec un p\u00eacheur, vieux phare. \">Combin\u00e9 Catamaran + visite du vieux port et rencontre avec un p\u00eacheur, vieux phare. <\/option><\/select><\/div><\/div><\/div><\/div><div class=\"quform-element quform-element-textarea quform-element-3_8 quform-cf quform-element-optional\"><div class=\"quform-spacer\"><div class=\"quform-label quform-label-3_8\"><span class=\"quform-label-icon\"><i class=\"qicon-question-circle\"><\/i><\/span><label class=\"quform-label-text\" for=\"quform_3_8_de75d0\">Demandes particuli\u00e8res<\/label><\/div><div class=\"quform-inner quform-inner-textarea quform-inner-3_8\"><div class=\"quform-input quform-input-textarea quform-input-3_8 quform-cf\"><textarea id=\"quform_3_8_de75d0\" name=\"quform_3_8\" class=\"quform-field quform-field-textarea quform-field-3_8\"><\/textarea><\/div><\/div><\/div><\/div><div class=\"quform-element quform-element-submit quform-element-3_9 quform-cf quform-button-style-theme quform-button-size-fat quform-button-width-full\"><div class=\"quform-button-submit quform-button-submit-default quform-button-submit-3_9\"><button name=\"quform_submit\" type=\"submit\" class=\"quform-submit\" value=\"submit\"><span class=\"quform-button-text quform-button-submit-text\">Envoyer ma demande<\/span><\/button><\/div><div class=\"quform-loading quform-loading-position-left quform-loading-type-spinner-1\"><div class=\"quform-loading-inner\"><div class=\"quform-loading-spinner\"><div class=\"quform-loading-spinner-inner\"><\/div><\/div><\/div><\/div><\/div><div class=\"quform-element-tree\"><label for=\"quform_3_0_de75d0\">This field should be left blank<\/label><input type=\"text\" id=\"quform_3_0_de75d0\" name=\"quform_3_0\" class=\"quform-field quform-field-tree quform-field-3_0\" tabindex=\"-1\" autocomplete=\"off\" \/><\/div><\/div><\/div><\/div><\/div><\/form><\/div><\/p>\n","protected":false},"author":1,"featured_media":0,"parent":0,"menu_order":0,"comment_status":"closed","ping_status":"closed","template":"","meta":{"_et_pb_use_builder":"on","_et_pb_old_content":"","_et_gb_content_width":"","footnotes":"","_links_to":"","_links_to_target":""},"difl_page_category":[],"class_list":["post-6100","page","type-page","status-publish","hentry"],"rttpg_featured_image_url":null,"rttpg_author":{"display_name":"admin","author_link":"https:\/\/www.leprovidence.fr\/wp\/author\/admin\/"},"rttpg_comment":0,"rttpg_category":false,"rttpg_excerpt":"SORTIE SCOLAIREDEMANDE DE DEVIS[quform id=\"3\" name=\"scolaire\"]","_links":{"self":[{"href":"https:\/\/www.leprovidence.fr\/wp\/wp-json\/wp\/v2\/pages\/6100","targetHints":{"allow":["GET"]}}],"collection":[{"href":"https:\/\/www.leprovidence.fr\/wp\/wp-json\/wp\/v2\/pages"}],"about":[{"href":"https:\/\/www.leprovidence.fr\/wp\/wp-json\/wp\/v2\/types\/page"}],"author":[{"embeddable":true,"href":"https:\/\/www.leprovidence.fr\/wp\/wp-json\/wp\/v2\/users\/1"}],"replies":[{"embeddable":true,"href":"https:\/\/www.leprovidence.fr\/wp\/wp-json\/wp\/v2\/comments?post=6100"}],"version-history":[{"count":0,"href":"https:\/\/www.leprovidence.fr\/wp\/wp-json\/wp\/v2\/pages\/6100\/revisions"}],"wp:attachment":[{"href":"https:\/\/www.leprovidence.fr\/wp\/wp-json\/wp\/v2\/media?parent=6100"}],"wp:term":[{"taxonomy":"difl_page_category","embeddable":true,"href":"https:\/\/www.leprovidence.fr\/wp\/wp-json\/wp\/v2\/difl_page_category?post=6100"}],"curies":[{"name":"wp","href":"https:\/\/api.w.org\/{rel}","templated":true}]}}